{"id":3992,"date":"2025-01-06T17:21:59","date_gmt":"2025-01-06T16:21:59","guid":{"rendered":"https:\/\/www.uniontrento.it\/?page_id=3992"},"modified":"2025-01-07T08:47:47","modified_gmt":"2025-01-07T07:47:47","slug":"safeguarding","status":"publish","type":"page","link":"https:\/\/www.uniontrento.it\/index.php\/safeguarding\/","title":{"rendered":"Safeguarding"},"content":{"rendered":"\n<p>I Consigli Direttivi di Mattarello Calcio e U.S. Ravinense, nelle rispettive sedute del 23 dicembre 2023, hanno nominato i due responsabili contro abusi, violenze e discriminazioni. Il responsabile per la Societ\u00e0 Mattarello Calcio \u00e8 l&#8217;avv. <strong>Alessandro Tartari<\/strong>. mentre il responsabile per l&#8217;U.S. Ravinense \u00e8 il Sig. <strong>Stanchina Nicola<\/strong>.<\/p>\n\n\n\n<ul class=\"wp-block-list\">\n<li class=\"has-palette-color-4-color has-text-color has-link-color wp-elements-7610880da5044f6d455edece8247716f\"><a href=\"https:\/\/www.uniontrento.it\/wp-content\/uploads\/2025\/01\/All.-1-SAFEGUARDING-US-MATTARELLO-CALCIO.pdf\"><strong>SAFEGUARDING US MATTARELLO CALCIO<\/strong><\/a>\n<ul class=\"wp-block-list\">\n<li><a href=\"https:\/\/www.uniontrento.it\/wp-content\/uploads\/2025\/01\/All.-2-Codice-Condotta-US-MATTARELLO-CALCIO.pdf\">Codice Condotta US MATTARELLO CALCIO<\/a><\/li>\n<\/ul>\n<\/li>\n<\/ul>\n\n\n\n<ul class=\"wp-block-list\">\n<li class=\"has-palette-color-5-color has-text-color has-link-color wp-elements-8d9099048206c487bcbb711d3bd81c4f\"><a href=\"https:\/\/www.uniontrento.it\/wp-content\/uploads\/2025\/01\/All.-1-SAFEGUARDING-US-RAVINENSE.pdf\">SAFEGUARDING US RAVINENSE<\/a>\n<ul class=\"wp-block-list\">\n<li><a href=\"https:\/\/www.uniontrento.it\/wp-content\/uploads\/2025\/01\/All.-2-Codice-Condotta-US-RAVINENSE.pdf\">Codice Condotta US RAVINENSE<\/a><\/li>\n<\/ul>\n<\/li>\n<\/ul>\n\n\n\n<p><\/p>\n","protected":false},"excerpt":{"rendered":"<p>I Consigli Direttivi di Mattarello Calcio e U.S. Ravinense, nelle rispettive sedute del 23 dicembre 2023, hanno nominato i due responsabili contro abusi, violenze e discriminazioni. Il responsabile per la Societ\u00e0 Mattarello Calcio \u00e8 l&#8217;avv. Alessandro Tartari. mentre il responsabile per l&#8217;U.S. Ravinense \u00e8 il Sig. Stanchina Nicola.<\/p>\n","protected":false},"author":3,"featured_media":0,"parent":0,"menu_order":0,"comment_status":"closed","ping_status":"closed","template":"","meta":{"footnotes":""},"class_list":["post-3992","page","type-page","status-publish","hentry"],"blocksy_meta":[],"yoast_head":"<!-- This site is optimized with the Yoast SEO plugin v27.3 - https:\/\/yoast.com\/product\/yoast-seo-wordpress\/ -->\n<title>Safeguarding - Union Trento - Official Site<\/title>\n<meta name=\"robots\" content=\"index, follow, max-snippet:-1, max-image-preview:large, max-video-preview:-1\" \/>\n<link rel=\"canonical\" href=\"https:\/\/www.uniontrento.it\/index.php\/safeguarding\/\" \/>\n<meta property=\"og:locale\" content=\"it_IT\" \/>\n<meta property=\"og:type\" content=\"article\" \/>\n<meta property=\"og:title\" content=\"Safeguarding - Union Trento - Official Site\" \/>\n<meta property=\"og:description\" content=\"I Consigli Direttivi di Mattarello Calcio e U.S. Ravinense, nelle rispettive sedute del 23 dicembre 2023, hanno nominato i due responsabili contro abusi, violenze e discriminazioni. Il responsabile per la Societ\u00e0 Mattarello Calcio \u00e8 l&#8217;avv. Alessandro Tartari. mentre il responsabile per l&#8217;U.S. Ravinense \u00e8 il Sig. Stanchina Nicola.\" \/>\n<meta property=\"og:url\" content=\"https:\/\/www.uniontrento.it\/index.php\/safeguarding\/\" \/>\n<meta property=\"og:site_name\" content=\"Union Trento - Official Site\" \/>\n<meta property=\"article:publisher\" content=\"https:\/\/www.facebook.com\/UnionTrento\" \/>\n<meta property=\"article:modified_time\" content=\"2025-01-07T07:47:47+00:00\" \/>\n<meta name=\"twitter:card\" content=\"summary_large_image\" \/>\n<meta name=\"twitter:label1\" content=\"Tempo di lettura stimato\" \/>\n\t<meta name=\"twitter:data1\" content=\"1 minuto\" \/>\n<script type=\"application\/ld+json\" class=\"yoast-schema-graph\">{\"@context\":\"https:\\\/\\\/schema.org\",\"@graph\":[{\"@type\":\"WebPage\",\"@id\":\"https:\\\/\\\/www.uniontrento.it\\\/index.php\\\/safeguarding\\\/\",\"url\":\"https:\\\/\\\/www.uniontrento.it\\\/index.php\\\/safeguarding\\\/\",\"name\":\"Safeguarding - Union Trento - Official Site\",\"isPartOf\":{\"@id\":\"https:\\\/\\\/www.uniontrento.it\\\/#website\"},\"datePublished\":\"2025-01-06T16:21:59+00:00\",\"dateModified\":\"2025-01-07T07:47:47+00:00\",\"breadcrumb\":{\"@id\":\"https:\\\/\\\/www.uniontrento.it\\\/index.php\\\/safeguarding\\\/#breadcrumb\"},\"inLanguage\":\"it-IT\",\"potentialAction\":[{\"@type\":\"ReadAction\",\"target\":[\"https:\\\/\\\/www.uniontrento.it\\\/index.php\\\/safeguarding\\\/\"]}]},{\"@type\":\"BreadcrumbList\",\"@id\":\"https:\\\/\\\/www.uniontrento.it\\\/index.php\\\/safeguarding\\\/#breadcrumb\",\"itemListElement\":[{\"@type\":\"ListItem\",\"position\":1,\"name\":\"Home\",\"item\":\"https:\\\/\\\/www.uniontrento.it\\\/\"},{\"@type\":\"ListItem\",\"position\":2,\"name\":\"Safeguarding\"}]},{\"@type\":\"WebSite\",\"@id\":\"https:\\\/\\\/www.uniontrento.it\\\/#website\",\"url\":\"https:\\\/\\\/www.uniontrento.it\\\/\",\"name\":\"Union Trento\",\"description\":\"Sito ufficiale Union Trento, nuovo progetto calcistico nella citt\u00e0 di Trento che incorpora le societ\u00e0 Mattarello Calcio e U.S. Ravinense\",\"publisher\":{\"@id\":\"https:\\\/\\\/www.uniontrento.it\\\/#organization\"},\"potentialAction\":[{\"@type\":\"SearchAction\",\"target\":{\"@type\":\"EntryPoint\",\"urlTemplate\":\"https:\\\/\\\/www.uniontrento.it\\\/?s={search_term_string}\"},\"query-input\":{\"@type\":\"PropertyValueSpecification\",\"valueRequired\":true,\"valueName\":\"search_term_string\"}}],\"inLanguage\":\"it-IT\"},{\"@type\":\"Organization\",\"@id\":\"https:\\\/\\\/www.uniontrento.it\\\/#organization\",\"name\":\"Union Trento\",\"url\":\"https:\\\/\\\/www.uniontrento.it\\\/\",\"logo\":{\"@type\":\"ImageObject\",\"inLanguage\":\"it-IT\",\"@id\":\"https:\\\/\\\/www.uniontrento.it\\\/#\\\/schema\\\/logo\\\/image\\\/\",\"url\":\"https:\\\/\\\/www.uniontrento.it\\\/wp-content\\\/uploads\\\/2024\\\/08\\\/LogoUnionTrento_col.png\",\"contentUrl\":\"https:\\\/\\\/www.uniontrento.it\\\/wp-content\\\/uploads\\\/2024\\\/08\\\/LogoUnionTrento_col.png\",\"width\":924,\"height\":1198,\"caption\":\"Union Trento\"},\"image\":{\"@id\":\"https:\\\/\\\/www.uniontrento.it\\\/#\\\/schema\\\/logo\\\/image\\\/\"},\"sameAs\":[\"https:\\\/\\\/www.facebook.com\\\/UnionTrento\",\"https:\\\/\\\/www.instagram.com\\\/union_trento\\\/\"]}]}<\/script>\n<!-- \/ Yoast SEO plugin. -->","yoast_head_json":{"title":"Safeguarding - Union Trento - Official Site","robots":{"index":"index","follow":"follow","max-snippet":"max-snippet:-1","max-image-preview":"max-image-preview:large","max-video-preview":"max-video-preview:-1"},"canonical":"https:\/\/www.uniontrento.it\/index.php\/safeguarding\/","og_locale":"it_IT","og_type":"article","og_title":"Safeguarding - Union Trento - Official Site","og_description":"I Consigli Direttivi di Mattarello Calcio e U.S. Ravinense, nelle rispettive sedute del 23 dicembre 2023, hanno nominato i due responsabili contro abusi, violenze e discriminazioni. Il responsabile per la Societ\u00e0 Mattarello Calcio \u00e8 l&#8217;avv. Alessandro Tartari. mentre il responsabile per l&#8217;U.S. Ravinense \u00e8 il Sig. Stanchina Nicola.","og_url":"https:\/\/www.uniontrento.it\/index.php\/safeguarding\/","og_site_name":"Union Trento - Official Site","article_publisher":"https:\/\/www.facebook.com\/UnionTrento","article_modified_time":"2025-01-07T07:47:47+00:00","twitter_card":"summary_large_image","twitter_misc":{"Tempo di lettura stimato":"1 minuto"},"schema":{"@context":"https:\/\/schema.org","@graph":[{"@type":"WebPage","@id":"https:\/\/www.uniontrento.it\/index.php\/safeguarding\/","url":"https:\/\/www.uniontrento.it\/index.php\/safeguarding\/","name":"Safeguarding - Union Trento - Official Site","isPartOf":{"@id":"https:\/\/www.uniontrento.it\/#website"},"datePublished":"2025-01-06T16:21:59+00:00","dateModified":"2025-01-07T07:47:47+00:00","breadcrumb":{"@id":"https:\/\/www.uniontrento.it\/index.php\/safeguarding\/#breadcrumb"},"inLanguage":"it-IT","potentialAction":[{"@type":"ReadAction","target":["https:\/\/www.uniontrento.it\/index.php\/safeguarding\/"]}]},{"@type":"BreadcrumbList","@id":"https:\/\/www.uniontrento.it\/index.php\/safeguarding\/#breadcrumb","itemListElement":[{"@type":"ListItem","position":1,"name":"Home","item":"https:\/\/www.uniontrento.it\/"},{"@type":"ListItem","position":2,"name":"Safeguarding"}]},{"@type":"WebSite","@id":"https:\/\/www.uniontrento.it\/#website","url":"https:\/\/www.uniontrento.it\/","name":"Union Trento","description":"Sito ufficiale Union Trento, nuovo progetto calcistico nella citt\u00e0 di Trento che incorpora le societ\u00e0 Mattarello Calcio e U.S. Ravinense","publisher":{"@id":"https:\/\/www.uniontrento.it\/#organization"},"potentialAction":[{"@type":"SearchAction","target":{"@type":"EntryPoint","urlTemplate":"https:\/\/www.uniontrento.it\/?s={search_term_string}"},"query-input":{"@type":"PropertyValueSpecification","valueRequired":true,"valueName":"search_term_string"}}],"inLanguage":"it-IT"},{"@type":"Organization","@id":"https:\/\/www.uniontrento.it\/#organization","name":"Union Trento","url":"https:\/\/www.uniontrento.it\/","logo":{"@type":"ImageObject","inLanguage":"it-IT","@id":"https:\/\/www.uniontrento.it\/#\/schema\/logo\/image\/","url":"https:\/\/www.uniontrento.it\/wp-content\/uploads\/2024\/08\/LogoUnionTrento_col.png","contentUrl":"https:\/\/www.uniontrento.it\/wp-content\/uploads\/2024\/08\/LogoUnionTrento_col.png","width":924,"height":1198,"caption":"Union Trento"},"image":{"@id":"https:\/\/www.uniontrento.it\/#\/schema\/logo\/image\/"},"sameAs":["https:\/\/www.facebook.com\/UnionTrento","https:\/\/www.instagram.com\/union_trento\/"]}]}},"_links":{"self":[{"href":"https:\/\/www.uniontrento.it\/index.php\/wp-json\/wp\/v2\/pages\/3992","targetHints":{"allow":["GET"]}}],"collection":[{"href":"https:\/\/www.uniontrento.it\/index.php\/wp-json\/wp\/v2\/pages"}],"about":[{"href":"https:\/\/www.uniontrento.it\/index.php\/wp-json\/wp\/v2\/types\/page"}],"author":[{"embeddable":true,"href":"https:\/\/www.uniontrento.it\/index.php\/wp-json\/wp\/v2\/users\/3"}],"replies":[{"embeddable":true,"href":"https:\/\/www.uniontrento.it\/index.php\/wp-json\/wp\/v2\/comments?post=3992"}],"version-history":[{"count":7,"href":"https:\/\/www.uniontrento.it\/index.php\/wp-json\/wp\/v2\/pages\/3992\/revisions"}],"predecessor-version":[{"id":4074,"href":"https:\/\/www.uniontrento.it\/index.php\/wp-json\/wp\/v2\/pages\/3992\/revisions\/4074"}],"wp:attachment":[{"href":"https:\/\/www.uniontrento.it\/index.php\/wp-json\/wp\/v2\/media?parent=3992"}],"curies":[{"name":"wp","href":"https:\/\/api.w.org\/{rel}","templated":true}]}}